{"id":1093,"date":"2019-04-22T14:52:27","date_gmt":"2019-04-22T17:52:27","guid":{"rendered":"https:\/\/minha.uberfacil.com\/?page_id=1093"},"modified":"2019-04-22T14:52:27","modified_gmt":"2019-04-22T17:52:27","slug":"linha-do-tempo","status":"publish","type":"page","link":"https:\/\/demo.uberfacil.com\/epico\/estilo7\/linha-do-tempo\/","title":{"rendered":"Linha do tempo"},"content":{"rendered":"<p class=\"estimated-read-time\">Tempo de leitura:<small> menos de 1 minuto<\/small><\/p> \n\t\t\t\t\n<p>Esta p\u00e1gina tem o objetivo de apresentar uma lista resumida de todos posts publicados no blog, separados por m\u00eas e ano, para f\u00e1cil navega\u00e7\u00e3o.<\/p>\n\n\n\n<p>Se voc\u00ea quiser adicionar este recurso, apenas instale e ative o plugin <a href=\"https:\/\/wordpress.org\/plugins\/clean-my-archives\/\">Clean My Archives<\/a> pelo menu <strong>Plugins &gt; Adicionar Novo.<\/strong><\/p>\n\n\n\n<p>E pronto! Depois disso voc\u00ea encontrar\u00e1 nesta p\u00e1gina a lista de todas as publica\u00e7\u00f5es do blog em ordem cronol\u00f3gica. Novos artigos criados no WordPress ser\u00e3o adicionados aqui <em>autom\u00e1gicamente<\/em>. \ud83d\ude09<\/p>\n\n\n\n<p><strong>Importante!<\/strong> para manter os arquivos, n\u00e3o apague o <em>shortcode<\/em> abaixo. <\/p>\n\n\n<div class=\"clean-my-archives\"><h2 class=\"month-year\"><a href=\"https:\/\/demo.uberfacil.com\/epico\/estilo7\/2019\/02\/\">fevereiro 2019<\/a><\/h2><ul><li><span class=\"day\">27:<\/span> <a href=\"https:\/\/demo.uberfacil.com\/epico\/estilo7\/2019\/02\/27\/o-tema-epico-para-wordpress-e-a-plataforma-ideal-para-o-seu-blog\/\" rel=\"bookmark\">O tema \u00c9pico para WordPress \u00e9 a plataforma ideal para o seu blog!<\/a> <span class=\"comments-number\">(2)<\/span><\/li><li class=\"day-duplicate\"><span class=\"day\">27:<\/span> <a href=\"https:\/\/demo.uberfacil.com\/epico\/estilo7\/2019\/02\/27\/privilegie-uma-leitura-mais-eficiente-com-o-modo-zen-ou-modo-de-leitura-focada\/\" rel=\"bookmark\">Privilegie uma leitura mais eficiente com o modo Zen (ou modo de leitura focada)<\/a> <span class=\"comments-number\">(0)<\/span><\/li><li class=\"day-duplicate\"><span class=\"day\">27:<\/span> <a href=\"https:\/\/demo.uberfacil.com\/epico\/estilo7\/2019\/02\/27\/voce-pode-incluir-outros-formatos-de-posts-na-listagem-de-artigos\/\" rel=\"bookmark\">Voc\u00ea pode incluir outros formatos de posts na listagem de artigos!<\/a> <span class=\"comments-number\">(0)<\/span><\/li><li class=\"day-duplicate\"><span class=\"day\">27:<\/span> <a href=\"https:\/\/demo.uberfacil.com\/epico\/estilo7\/2019\/02\/27\/nunca-foi-tao-simples-inserir-video-integrado-ao-artigo\/\" rel=\"bookmark\">Nunca foi t\u00e3o simples inserir v\u00eddeo integrado ao artigo<\/a> <span class=\"comments-number\">(0)<\/span><\/li><li class=\"day-duplicate\"><span class=\"day\">27:<\/span> <a href=\"https:\/\/demo.uberfacil.com\/epico\/estilo7\/2019\/02\/27\/post-do-tipo-citacao\/\" rel=\"bookmark\">Post do tipo Cita\u00e7\u00e3o<\/a> <span class=\"comments-number\">(0)<\/span><\/li><li class=\"day-duplicate\"><span class=\"day\">27:<\/span> <a href=\"https:\/\/demo.uberfacil.com\/epico\/estilo7\/2019\/02\/27\/fantasticos-icones-para-acompanhar-os-menus\/\" rel=\"bookmark\">Fant\u00e1sticos \u00edcones para acompanhar os menus<\/a> <span class=\"comments-number\">(0)<\/span><\/li><li class=\"day-duplicate\"><span class=\"day\">27:<\/span> <a href=\"https:\/\/demo.uberfacil.com\/epico\/estilo7\/2019\/02\/27\/com-o-epico-o-seu-blog-pode-facilmente-ter-multiplos-autores\/\" rel=\"bookmark\">Com o \u00c9pico o seu blog pode facilmente ter m\u00faltiplos autores<\/a> <span class=\"comments-number\">(0)<\/span><\/li><li class=\"day-duplicate\"><span class=\"day\">27:<\/span> <a href=\"https:\/\/demo.uberfacil.com\/epico\/estilo7\/2019\/02\/27\/post-do-tipo-status\/\" rel=\"bookmark\">Post do tipo Status<\/a> <span class=\"comments-number\">(0)<\/span><\/li><li class=\"day-duplicate\"><span class=\"day\">27:<\/span> <a href=\"https:\/\/demo.uberfacil.com\/epico\/estilo7\/2019\/02\/27\/utilizando-o-capture-dentro-dos-artigos\/\" rel=\"bookmark\">Utilizando o Capture dentro dos artigos<\/a> <span class=\"comments-number\">(0)<\/span><\/li><li class=\"day-duplicate\"><span class=\"day\">27:<\/span> <a href=\"https:\/\/demo.uberfacil.com\/epico\/estilo7\/2019\/02\/27\/paginacao-de-artigos-totalmente-integrada\/\" rel=\"bookmark\">Pagina\u00e7\u00e3o de artigos totalmente integrada<\/a> <span class=\"comments-number\">(0)<\/span><\/li><li class=\"day-duplicate\"><span class=\"day\">27:<\/span> <a href=\"https:\/\/demo.uberfacil.com\/epico\/estilo7\/2019\/02\/27\/confira-a-compatibilidade-com-outros-plugins-essenciais-e-gratuitos-do-wordpress\/\" rel=\"bookmark\">Confira a compatibilidade com outros Plugins essenciais e gratuitos do WordPress<\/a> <span class=\"comments-number\">(0)<\/span><\/li><\/ul><h2 class=\"month-year\"><a href=\"https:\/\/demo.uberfacil.com\/epico\/estilo7\/2017\/03\/\">mar\u00e7o 2017<\/a><\/h2><ul><li><span class=\"day\">05:<\/span> <a href=\"https:\/\/demo.uberfacil.com\/epico\/estilo7\/2017\/03\/05\/este-e-um-artigo-visualizado-no-modo-zen\/\" rel=\"bookmark\">Este \u00e9 um artigo visualizado no modo zen!<\/a> <span class=\"comments-number\">(0)<\/span><\/li><\/ul><\/div>\n\t\t","protected":false},"excerpt":{"rendered":"<p><small> menos de 1 minuto<\/small> O modo zen permite uma leitura confort\u00e1vel sem que voc\u00ea abra m\u00e3o das capturas do seu blog e matenha as caixas por padr\u00e3o.<\/p>\n","protected":false},"author":1,"featured_media":0,"parent":0,"menu_order":0,"comment_status":"closed","ping_status":"closed","template":"","meta":{"footnotes":""},"class_list":["entry","author-4tgzf26cvbidud","has-excerpt","post-1093","page","type-page","status-publish"],"yoast_head":"<!-- This site is optimized with the Yoast SEO plugin v27.4 - https:\/\/yoast.com\/product\/yoast-seo-wordpress\/ -->\n<title>Linha do tempo - Estilo 7<\/title>\n<meta name=\"robots\" content=\"index, follow, max-snippet:-1, max-image-preview:large, max-video-preview:-1\" \/>\n<link rel=\"canonical\" href=\"https:\/\/demo.uberfacil.com\/epico\/estilo7\/linha-do-tempo\/\" \/>\n<meta property=\"og:locale\" content=\"pt_BR\" \/>\n<meta property=\"og:type\" content=\"article\" \/>\n<meta property=\"og:title\" content=\"Linha do tempo - Estilo 7\" \/>\n<meta property=\"og:description\" content=\"menos de 1 minuto O modo zen permite uma leitura confort\u00e1vel sem que voc\u00ea abra m\u00e3o das capturas do seu blog e matenha as caixas por padr\u00e3o.\" \/>\n<meta property=\"og:url\" content=\"https:\/\/demo.uberfacil.com\/epico\/estilo7\/linha-do-tempo\/\" \/>\n<meta property=\"og:site_name\" content=\"Estilo 7\" \/>\n<meta name=\"twitter:card\" content=\"summary_large_image\" \/>\n<script type=\"application\/ld+json\" class=\"yoast-schema-graph\">{\"@context\":\"https:\\\/\\\/schema.org\",\"@graph\":[{\"@type\":\"WebPage\",\"@id\":\"https:\\\/\\\/demo.uberfacil.com\\\/epico\\\/estilo7\\\/linha-do-tempo\\\/\",\"url\":\"https:\\\/\\\/demo.uberfacil.com\\\/epico\\\/estilo7\\\/linha-do-tempo\\\/\",\"name\":\"Linha do tempo - Estilo 7\",\"isPartOf\":{\"@id\":\"https:\\\/\\\/demo.uberfacil.com\\\/epico\\\/estilo7\\\/#website\"},\"datePublished\":\"2019-04-22T17:52:27+00:00\",\"breadcrumb\":{\"@id\":\"https:\\\/\\\/demo.uberfacil.com\\\/epico\\\/estilo7\\\/linha-do-tempo\\\/#breadcrumb\"},\"inLanguage\":\"pt-BR\",\"potentialAction\":[{\"@type\":\"ReadAction\",\"target\":[\"https:\\\/\\\/demo.uberfacil.com\\\/epico\\\/estilo7\\\/linha-do-tempo\\\/\"]}]},{\"@type\":\"BreadcrumbList\",\"@id\":\"https:\\\/\\\/demo.uberfacil.com\\\/epico\\\/estilo7\\\/linha-do-tempo\\\/#breadcrumb\",\"itemListElement\":[{\"@type\":\"ListItem\",\"position\":1,\"name\":\"In\u00edcio\",\"item\":\"https:\\\/\\\/demo.uberfacil.com\\\/epico\\\/estilo7\\\/\"},{\"@type\":\"ListItem\",\"position\":2,\"name\":\"Linha do tempo\"}]},{\"@type\":\"WebSite\",\"@id\":\"https:\\\/\\\/demo.uberfacil.com\\\/epico\\\/estilo7\\\/#website\",\"url\":\"https:\\\/\\\/demo.uberfacil.com\\\/epico\\\/estilo7\\\/\",\"name\":\"Estilo 7\",\"description\":\"S\u00f3 mais um site \u00c9pico - Demonstra\u00e7\u00e3o\",\"potentialAction\":[{\"@type\":\"SearchAction\",\"target\":{\"@type\":\"EntryPoint\",\"urlTemplate\":\"https:\\\/\\\/demo.uberfacil.com\\\/epico\\\/estilo7\\\/?s={search_term_string}\"},\"query-input\":{\"@type\":\"PropertyValueSpecification\",\"valueRequired\":true,\"valueName\":\"search_term_string\"}}],\"inLanguage\":\"pt-BR\"}]}<\/script>\n<!-- \/ Yoast SEO plugin. -->","yoast_head_json":{"title":"Linha do tempo - Estilo 7","robots":{"index":"index","follow":"follow","max-snippet":"max-snippet:-1","max-image-preview":"max-image-preview:large","max-video-preview":"max-video-preview:-1"},"canonical":"https:\/\/demo.uberfacil.com\/epico\/estilo7\/linha-do-tempo\/","og_locale":"pt_BR","og_type":"article","og_title":"Linha do tempo - Estilo 7","og_description":"menos de 1 minuto O modo zen permite uma leitura confort\u00e1vel sem que voc\u00ea abra m\u00e3o das capturas do seu blog e matenha as caixas por padr\u00e3o.","og_url":"https:\/\/demo.uberfacil.com\/epico\/estilo7\/linha-do-tempo\/","og_site_name":"Estilo 7","twitter_card":"summary_large_image","schema":{"@context":"https:\/\/schema.org","@graph":[{"@type":"WebPage","@id":"https:\/\/demo.uberfacil.com\/epico\/estilo7\/linha-do-tempo\/","url":"https:\/\/demo.uberfacil.com\/epico\/estilo7\/linha-do-tempo\/","name":"Linha do tempo - Estilo 7","isPartOf":{"@id":"https:\/\/demo.uberfacil.com\/epico\/estilo7\/#website"},"datePublished":"2019-04-22T17:52:27+00:00","breadcrumb":{"@id":"https:\/\/demo.uberfacil.com\/epico\/estilo7\/linha-do-tempo\/#breadcrumb"},"inLanguage":"pt-BR","potentialAction":[{"@type":"ReadAction","target":["https:\/\/demo.uberfacil.com\/epico\/estilo7\/linha-do-tempo\/"]}]},{"@type":"BreadcrumbList","@id":"https:\/\/demo.uberfacil.com\/epico\/estilo7\/linha-do-tempo\/#breadcrumb","itemListElement":[{"@type":"ListItem","position":1,"name":"In\u00edcio","item":"https:\/\/demo.uberfacil.com\/epico\/estilo7\/"},{"@type":"ListItem","position":2,"name":"Linha do tempo"}]},{"@type":"WebSite","@id":"https:\/\/demo.uberfacil.com\/epico\/estilo7\/#website","url":"https:\/\/demo.uberfacil.com\/epico\/estilo7\/","name":"Estilo 7","description":"S\u00f3 mais um site \u00c9pico - Demonstra\u00e7\u00e3o","potentialAction":[{"@type":"SearchAction","target":{"@type":"EntryPoint","urlTemplate":"https:\/\/demo.uberfacil.com\/epico\/estilo7\/?s={search_term_string}"},"query-input":{"@type":"PropertyValueSpecification","valueRequired":true,"valueName":"search_term_string"}}],"inLanguage":"pt-BR"}]}},"_links":{"self":[{"href":"https:\/\/demo.uberfacil.com\/epico\/estilo7\/wp-json\/wp\/v2\/pages\/1093","targetHints":{"allow":["GET"]}}],"collection":[{"href":"https:\/\/demo.uberfacil.com\/epico\/estilo7\/wp-json\/wp\/v2\/pages"}],"about":[{"href":"https:\/\/demo.uberfacil.com\/epico\/estilo7\/wp-json\/wp\/v2\/types\/page"}],"author":[{"embeddable":true,"href":"https:\/\/demo.uberfacil.com\/epico\/estilo7\/wp-json\/wp\/v2\/users\/1"}],"replies":[{"embeddable":true,"href":"https:\/\/demo.uberfacil.com\/epico\/estilo7\/wp-json\/wp\/v2\/comments?post=1093"}],"version-history":[{"count":0,"href":"https:\/\/demo.uberfacil.com\/epico\/estilo7\/wp-json\/wp\/v2\/pages\/1093\/revisions"}],"wp:attachment":[{"href":"https:\/\/demo.uberfacil.com\/epico\/estilo7\/wp-json\/wp\/v2\/media?parent=1093"}],"curies":[{"name":"wp","href":"https:\/\/api.w.org\/{rel}","templated":true}]}}