{"id":1104,"date":"2019-04-22T14:57:00","date_gmt":"2019-04-22T17:57:00","guid":{"rendered":"https:\/\/minha.uberfacil.com\/?page_id=1104"},"modified":"2019-05-13T18:53:21","modified_gmt":"2019-05-13T21:53:21","slug":"pagina-de-aterissagem","status":"publish","type":"page","link":"https:\/\/demo.uberfacil.com\/epico\/estilo7\/pagina-de-aterissagem\/","title":{"rendered":"P\u00e1gina de aterissagem"},"content":{"rendered":"<p class=\"estimated-read-time\">Tempo de leitura:<small> 1 minuto<\/small><\/p> \n<p>Este \u00e9 um exemplo de p\u00e1gina de aterrisagem (<em>landing page<\/em>) criada nativamente com um dos modelos de p\u00e1gina do \u00c9pico. Nela voc\u00ea pode adicionar normalmente qualquer conte\u00fado permitido pelo editor do WordPress, como imagens, bot\u00f5es, v\u00eddeos e outros blocos do editor \u2013 al\u00e9m das capturas do pr\u00f3prio \u00c9pico.<\/p>\n\n\n\n<div class=\"wp-block-image\"><figure class=\"aligncenter is-resized\"><img data-opt-id=960321180  fetchpriority=\"high\" decoding=\"async\" src=\"https:\/\/mlo9e83sxept.i.optimole.com\/w:1024\/h:1024\/q:mauto\/f:best\/ig:avif\/https:\/\/demo.uberfacil.com\/epico\/estilo7\/wp-content\/uploads\/sites\/36\/2019\/05\/epico-banner.png\" alt=\"\" class=\"wp-image-12\" width=\"512\" height=\"512\" srcset=\"https:\/\/mlo9e83sxept.i.optimole.com\/w:1024\/h:1024\/q:mauto\/f:best\/ig:avif\/https:\/\/demo.uberfacil.com\/epico\/estilo7\/wp-content\/uploads\/sites\/36\/2019\/05\/epico-banner.png 1024w, https:\/\/mlo9e83sxept.i.optimole.com\/w:300\/h:300\/q:mauto\/f:best\/ig:avif\/https:\/\/demo.uberfacil.com\/epico\/estilo7\/wp-content\/uploads\/sites\/36\/2019\/05\/epico-banner.png 300w, https:\/\/mlo9e83sxept.i.optimole.com\/w:768\/h:768\/q:mauto\/f:best\/ig:avif\/https:\/\/demo.uberfacil.com\/epico\/estilo7\/wp-content\/uploads\/sites\/36\/2019\/05\/epico-banner.png 768w, https:\/\/mlo9e83sxept.i.optimole.com\/w:370\/h:370\/q:mauto\/f:best\/ig:avif\/https:\/\/demo.uberfacil.com\/epico\/estilo7\/wp-content\/uploads\/sites\/36\/2019\/05\/epico-banner.png 370w, https:\/\/mlo9e83sxept.i.optimole.com\/w:1080\/h:1080\/q:mauto\/f:best\/ig:avif\/https:\/\/demo.uberfacil.com\/epico\/estilo7\/wp-content\/uploads\/sites\/36\/2019\/05\/epico-banner.png 1080w\" sizes=\"(max-width: 512px) 100vw, 512px\" \/><figcaption>Um exemplo de imagem.<\/figcaption><\/figure><\/div>\n\n\n\n<div class=\"wp-block-button aligncenter is-style-default\"><a class=\"wp-block-button__link has-text-color has-full-white-color has-background has-lava-red-background-color\" href=\"https:\/\/www.uberfacil.com\">Este \u00e9 um exemplo de bot\u00e3o nativo&nbsp;\ud83d\ude80<\/a><\/div>\n\n\n\n<p>Os modelos de p\u00e1gina do tema ficam localizados na barra lateral direita do editor de p\u00e1ginas do WordPress, na caixa <strong>Atributos da p\u00e1gina<\/strong>.  <\/p>\n\n\n\n<p>Voc\u00ea pode tamb\u00e9m utilizar plugins construtores de p\u00e1ginas para criar p\u00e1ginas com layout diferenciado. Um bom exemplo de plugin do tipo \u00e9 o <a href=\"https:\/\/elementor.com\/?ref=2830\">Elementor<\/a>, que \u00e9 compat\u00edvel com o \u00c9pico.<\/p>\n\n\n\n<p>Saiba mais sobre como criar p\u00e1ginas de aterrisagem com o \u00c9pico no tutorial da <a href=\"https:\/\/minha.uberfacil.com\/crie-landing-pages\/\">sua \u00e1rea de clientes<\/a>.<\/p>\n\n\n<!--[if IE]>\n<div id=\"cs-captura-shortcode\"  class=\"capture-wrap uf-wrap ie\"><![endif]--><!--[if !IE]><!-->\n<div id=\"cs-captura-shortcode\"  class=\"capture-wrap uf-wrap sc\"><!--<![endif]--><div id=\"uf-form-wrapper\" class=\"capture uf uf-compact\"><div class=\"capture-container uf-container\"><div class=\"capture-container uf-container capture-inner\"><h4 itemprop=\"headline\" class=\"capture-title uf-title fadeinleft\">Foco, impacto e criatividade<\/h4><p itemprop=\"text\" class=\"capture-intro uf-intro fadeinright\">Insira o seu endere\u00e7o de e-mail abaixo para receber <strong>gr\u00e1tis<\/strong> as atualiza\u00e7\u00f5es do blog!<\/p><\/div><\/div><div id=\"uf-form-wrapper\" class=\"capture capture-form uf animated\"><div class=\"capture-container uf-container uf-fields\"><p itemprop=\"text\" class=\"capture-notice uf-notice fadeinleft\">Fique tranquilo, seu e-mail est\u00e1 completamente <strong>SEGURO<\/strong> conosco!<\/p><form id=\"captura-shortcode\"  class=\"uf-form fadeinright\" method=\"post\" action=\"https:\/\/uberfacil.us3.list-manage.com\/subscribe\/post?u=5ff3acbce569beea9342aa33e&#038;id=40fbb398fc&ORIGEM=[captura-shortcode]%20em%20[wp-json%2Fwp%2Fv2%2Fpages%2F1104]\"><span class=\"uf-wrapinput uf-input-name\"><input class=\"uf-name pulse\" type=\"text\" value=\"\" name=\"FNAME\" placeholder=\"\uf007 Seu nome\"  autocomplete=\"desligar\" aria-required=\"true\" aria-label=\"First Name\"><i class=\"uf-validation-icon\"><\/i><\/span><span class=\"uf-wrapinput uf-input-email\"><input class=\"uf-email pulse\" type=\"email\" value=\"\" name=\"EMAIL\" placeholder=\"\uf003 Seu e-mail\"  autocomplete=\"desligar\" aria-required=\"true\" aria-label=\"Email\" spellcheck=\"false\"><i class=\"uf-validation-icon\"><\/i><\/span>\n\n\t\t\t\t\t<span class=\"capture-wrapicon uf-wrapicon\">\n\t\t\t\t\t\t<!--sse-->\n\t\t\t\t\t\t<input class=\"uf-submit\" type=\"submit\" value=\"Assine j\u00e1!\" name=\"subscribe\">\n\t\t\t\t\t\t<!--\/sse-->\n\t\t\t\t\t<\/span><\/form><\/div><\/div><\/div><\/div>\n\n\n\n<p>Para inserir uma captura como no exemplo acima, acesse o menu <strong>Capture &gt; Criar nova<\/strong> no painel administrativo do seu WordPress e crie uma captura.<\/p>\n\n\n\n<p>Depois, cole o<em> shortcode<\/em> dela em um bloco do tipo <strong>Shortcode<\/strong>, como no exemplo acima.<\/p>\n\n\n\n<p>Se tiver alguma d\u00favida, entre em contato <a href=\"https:\/\/minha.uberfacil.com\/wp-login.php?redirect_to=suporte-tecnico\">com o nosso suporte<\/a>. \ud83d\ude42<\/p>\n","protected":false},"excerpt":{"rendered":"<p><small> 1 minuto<\/small> Este \u00e9 um exemplo de p\u00e1gina de aterrisagem (landing page) criada nativamente com um dos modelos de p\u00e1gina do \u00c9pico. Nela voc\u00ea pode adicionar normalmente qualquer conte\u00fado permitido pelo editor do WordPress, como imagens, bot\u00f5es, v\u00eddeos e outros blocos do editor \u2013 al\u00e9m das capturas do pr\u00f3prio \u00c9pico. Os modelos de p\u00e1gina do tema ficam localizados na barra lateral direita do editor de p\u00e1ginas do WordPress, na caixa Atributos da p\u00e1gina. Voc\u00ea pode tamb\u00e9m utilizar plugins construtores de p\u00e1ginas para criar p\u00e1ginas <a href=\"https:\/\/demo.uberfacil.com\/epico\/estilo7\/pagina-de-aterissagem\/\" class=\"more-link\"><span>Continue lendo<\/span>\u2192<\/a><\/p>\n","protected":false},"author":1,"featured_media":0,"parent":0,"menu_order":0,"comment_status":"closed","ping_status":"closed","template":"templates\/page-landing.php","meta":{"footnotes":""},"class_list":["entry","author-4tgzf26cvbidud","has-excerpt","post-1104","page","type-page","status-publish"],"yoast_head":"<!-- This site is optimized with the Yoast SEO plugin v27.4 - https:\/\/yoast.com\/product\/yoast-seo-wordpress\/ -->\n<title>P\u00e1gina de aterissagem - Estilo 7<\/title>\n<meta name=\"robots\" content=\"index, follow, max-snippet:-1, max-image-preview:large, max-video-preview:-1\" \/>\n<link rel=\"canonical\" href=\"https:\/\/demo.uberfacil.com\/epico\/estilo7\/pagina-de-aterissagem\/\" \/>\n<meta property=\"og:locale\" content=\"pt_BR\" \/>\n<meta property=\"og:type\" content=\"article\" \/>\n<meta property=\"og:title\" content=\"P\u00e1gina de aterissagem - Estilo 7\" \/>\n<meta property=\"og:description\" content=\"1 minuto Este \u00e9 um exemplo de p\u00e1gina de aterrisagem (landing page) criada nativamente com um dos modelos de p\u00e1gina do \u00c9pico. Nela voc\u00ea pode adicionar normalmente qualquer conte\u00fado permitido pelo editor do WordPress, como imagens, bot\u00f5es, v\u00eddeos e outros blocos do editor \u2013 al\u00e9m das capturas do pr\u00f3prio \u00c9pico. Os modelos de p\u00e1gina do tema ficam localizados na barra lateral direita do editor de p\u00e1ginas do WordPress, na caixa Atributos da p\u00e1gina. Voc\u00ea pode tamb\u00e9m utilizar plugins construtores de p\u00e1ginas para criar p\u00e1ginas Continue lendo\u2192\" \/>\n<meta property=\"og:url\" content=\"https:\/\/demo.uberfacil.com\/epico\/estilo7\/pagina-de-aterissagem\/\" \/>\n<meta property=\"og:site_name\" content=\"Estilo 7\" \/>\n<meta property=\"article:modified_time\" content=\"2019-05-13T21:53:21+00:00\" \/>\n<meta property=\"og:image\" content=\"https:\/\/mlo9e83sxept.i.optimole.com\/w:1024\/h:1024\/q:mauto\/f:best\/ig:avif\/https:\/\/demo.uberfacil.com\/epico\/estilo7\/wp-content\/uploads\/sites\/36\/2019\/05\/epico-banner.png\" \/>\n<meta name=\"twitter:card\" content=\"summary_large_image\" \/>\n<meta name=\"twitter:label1\" content=\"Est. tempo de leitura\" \/>\n\t<meta name=\"twitter:data1\" content=\"1 minuto\" \/>\n<script type=\"application\/ld+json\" class=\"yoast-schema-graph\">{\"@context\":\"https:\\\/\\\/schema.org\",\"@graph\":[{\"@type\":\"WebPage\",\"@id\":\"https:\\\/\\\/demo.uberfacil.com\\\/epico\\\/estilo7\\\/pagina-de-aterissagem\\\/\",\"url\":\"https:\\\/\\\/demo.uberfacil.com\\\/epico\\\/estilo7\\\/pagina-de-aterissagem\\\/\",\"name\":\"P\u00e1gina de aterissagem - Estilo 7\",\"isPartOf\":{\"@id\":\"https:\\\/\\\/demo.uberfacil.com\\\/epico\\\/estilo7\\\/#website\"},\"primaryImageOfPage\":{\"@id\":\"https:\\\/\\\/demo.uberfacil.com\\\/epico\\\/estilo7\\\/pagina-de-aterissagem\\\/#primaryimage\"},\"image\":{\"@id\":\"https:\\\/\\\/demo.uberfacil.com\\\/epico\\\/estilo7\\\/pagina-de-aterissagem\\\/#primaryimage\"},\"thumbnailUrl\":\"https:\\/\\/demo.uberfacil.com\\/epico\\/estilo7\\/wp-content\\/uploads\\/sites\\/36\\/2019\\/05\\/epico-banner-1024x1024.png\",\"datePublished\":\"2019-04-22T17:57:00+00:00\",\"dateModified\":\"2019-05-13T21:53:21+00:00\",\"breadcrumb\":{\"@id\":\"https:\\\/\\\/demo.uberfacil.com\\\/epico\\\/estilo7\\\/pagina-de-aterissagem\\\/#breadcrumb\"},\"inLanguage\":\"pt-BR\",\"potentialAction\":[{\"@type\":\"ReadAction\",\"target\":[\"https:\\\/\\\/demo.uberfacil.com\\\/epico\\\/estilo7\\\/pagina-de-aterissagem\\\/\"]}]},{\"@type\":\"ImageObject\",\"inLanguage\":\"pt-BR\",\"@id\":\"https:\\\/\\\/demo.uberfacil.com\\\/epico\\\/estilo7\\\/pagina-de-aterissagem\\\/#primaryimage\",\"url\":\"https:\\/\\/demo.uberfacil.com\\/epico\\/estilo7\\/wp-content\\/uploads\\/sites\\/36\\/2019\\/05\\/epico-banner.png\",\"contentUrl\":\"https:\\/\\/demo.uberfacil.com\\/epico\\/estilo7\\/wp-content\\/uploads\\/sites\\/36\\/2019\\/05\\/epico-banner.png\",\"width\":1080,\"height\":1080,\"caption\":\"Banner \u00c9pico\"},{\"@type\":\"BreadcrumbList\",\"@id\":\"https:\\\/\\\/demo.uberfacil.com\\\/epico\\\/estilo7\\\/pagina-de-aterissagem\\\/#breadcrumb\",\"itemListElement\":[{\"@type\":\"ListItem\",\"position\":1,\"name\":\"In\u00edcio\",\"item\":\"https:\\\/\\\/demo.uberfacil.com\\\/epico\\\/estilo7\\\/\"},{\"@type\":\"ListItem\",\"position\":2,\"name\":\"P\u00e1gina de aterissagem\"}]},{\"@type\":\"WebSite\",\"@id\":\"https:\\\/\\\/demo.uberfacil.com\\\/epico\\\/estilo7\\\/#website\",\"url\":\"https:\\\/\\\/demo.uberfacil.com\\\/epico\\\/estilo7\\\/\",\"name\":\"Estilo 7\",\"description\":\"S\u00f3 mais um site \u00c9pico - Demonstra\u00e7\u00e3o\",\"potentialAction\":[{\"@type\":\"SearchAction\",\"target\":{\"@type\":\"EntryPoint\",\"urlTemplate\":\"https:\\\/\\\/demo.uberfacil.com\\\/epico\\\/estilo7\\\/?s={search_term_string}\"},\"query-input\":{\"@type\":\"PropertyValueSpecification\",\"valueRequired\":true,\"valueName\":\"search_term_string\"}}],\"inLanguage\":\"pt-BR\"}]}<\/script>\n<!-- \/ Yoast SEO plugin. -->","yoast_head_json":{"title":"P\u00e1gina de aterissagem - Estilo 7","robots":{"index":"index","follow":"follow","max-snippet":"max-snippet:-1","max-image-preview":"max-image-preview:large","max-video-preview":"max-video-preview:-1"},"canonical":"https:\/\/demo.uberfacil.com\/epico\/estilo7\/pagina-de-aterissagem\/","og_locale":"pt_BR","og_type":"article","og_title":"P\u00e1gina de aterissagem - Estilo 7","og_description":"1 minuto Este \u00e9 um exemplo de p\u00e1gina de aterrisagem (landing page) criada nativamente com um dos modelos de p\u00e1gina do \u00c9pico. Nela voc\u00ea pode adicionar normalmente qualquer conte\u00fado permitido pelo editor do WordPress, como imagens, bot\u00f5es, v\u00eddeos e outros blocos do editor \u2013 al\u00e9m das capturas do pr\u00f3prio \u00c9pico. Os modelos de p\u00e1gina do tema ficam localizados na barra lateral direita do editor de p\u00e1ginas do WordPress, na caixa Atributos da p\u00e1gina. Voc\u00ea pode tamb\u00e9m utilizar plugins construtores de p\u00e1ginas para criar p\u00e1ginas Continue lendo\u2192","og_url":"https:\/\/demo.uberfacil.com\/epico\/estilo7\/pagina-de-aterissagem\/","og_site_name":"Estilo 7","article_modified_time":"2019-05-13T21:53:21+00:00","og_image":[{"url":"https:\/\/mlo9e83sxept.i.optimole.com\/w:1024\/h:1024\/q:mauto\/f:best\/ig:avif\/https:\/\/demo.uberfacil.com\/epico\/estilo7\/wp-content\/uploads\/sites\/36\/2019\/05\/epico-banner.png","type":"","width":"","height":""}],"twitter_card":"summary_large_image","twitter_misc":{"Est. tempo de leitura":"1 minuto"},"schema":{"@context":"https:\/\/schema.org","@graph":[{"@type":"WebPage","@id":"https:\/\/demo.uberfacil.com\/epico\/estilo7\/pagina-de-aterissagem\/","url":"https:\/\/demo.uberfacil.com\/epico\/estilo7\/pagina-de-aterissagem\/","name":"P\u00e1gina de aterissagem - Estilo 7","isPartOf":{"@id":"https:\/\/demo.uberfacil.com\/epico\/estilo7\/#website"},"primaryImageOfPage":{"@id":"https:\/\/demo.uberfacil.com\/epico\/estilo7\/pagina-de-aterissagem\/#primaryimage"},"image":{"@id":"https:\/\/demo.uberfacil.com\/epico\/estilo7\/pagina-de-aterissagem\/#primaryimage"},"thumbnailUrl":"https:\/\/mlo9e83sxept.i.optimole.com\/w:1024\/h:1024\/q:mauto\/f:best\/ig:avif\/https:\/\/demo.uberfacil.com\/epico\/estilo7\/wp-content\/uploads\/sites\/36\/2019\/05\/epico-banner.png","datePublished":"2019-04-22T17:57:00+00:00","dateModified":"2019-05-13T21:53:21+00:00","breadcrumb":{"@id":"https:\/\/demo.uberfacil.com\/epico\/estilo7\/pagina-de-aterissagem\/#breadcrumb"},"inLanguage":"pt-BR","potentialAction":[{"@type":"ReadAction","target":["https:\/\/demo.uberfacil.com\/epico\/estilo7\/pagina-de-aterissagem\/"]}]},{"@type":"ImageObject","inLanguage":"pt-BR","@id":"https:\/\/demo.uberfacil.com\/epico\/estilo7\/pagina-de-aterissagem\/#primaryimage","url":"https:\/\/mlo9e83sxept.i.optimole.com\/w:auto\/h:auto\/q:mauto\/f:best\/ig:avif\/https:\/\/demo.uberfacil.com\/epico\/estilo7\/wp-content\/uploads\/sites\/36\/2019\/05\/epico-banner.png","contentUrl":"https:\/\/mlo9e83sxept.i.optimole.com\/w:auto\/h:auto\/q:mauto\/f:best\/ig:avif\/https:\/\/demo.uberfacil.com\/epico\/estilo7\/wp-content\/uploads\/sites\/36\/2019\/05\/epico-banner.png","width":1080,"height":1080,"caption":"Banner \u00c9pico"},{"@type":"BreadcrumbList","@id":"https:\/\/demo.uberfacil.com\/epico\/estilo7\/pagina-de-aterissagem\/#breadcrumb","itemListElement":[{"@type":"ListItem","position":1,"name":"In\u00edcio","item":"https:\/\/demo.uberfacil.com\/epico\/estilo7\/"},{"@type":"ListItem","position":2,"name":"P\u00e1gina de aterissagem"}]},{"@type":"WebSite","@id":"https:\/\/demo.uberfacil.com\/epico\/estilo7\/#website","url":"https:\/\/demo.uberfacil.com\/epico\/estilo7\/","name":"Estilo 7","description":"S\u00f3 mais um site \u00c9pico - Demonstra\u00e7\u00e3o","potentialAction":[{"@type":"SearchAction","target":{"@type":"EntryPoint","urlTemplate":"https:\/\/demo.uberfacil.com\/epico\/estilo7\/?s={search_term_string}"},"query-input":{"@type":"PropertyValueSpecification","valueRequired":true,"valueName":"search_term_string"}}],"inLanguage":"pt-BR"}]}},"_links":{"self":[{"href":"https:\/\/demo.uberfacil.com\/epico\/estilo7\/wp-json\/wp\/v2\/pages\/1104","targetHints":{"allow":["GET"]}}],"collection":[{"href":"https:\/\/demo.uberfacil.com\/epico\/estilo7\/wp-json\/wp\/v2\/pages"}],"about":[{"href":"https:\/\/demo.uberfacil.com\/epico\/estilo7\/wp-json\/wp\/v2\/types\/page"}],"author":[{"embeddable":true,"href":"https:\/\/demo.uberfacil.com\/epico\/estilo7\/wp-json\/wp\/v2\/users\/1"}],"replies":[{"embeddable":true,"href":"https:\/\/demo.uberfacil.com\/epico\/estilo7\/wp-json\/wp\/v2\/comments?post=1104"}],"version-history":[{"count":0,"href":"https:\/\/demo.uberfacil.com\/epico\/estilo7\/wp-json\/wp\/v2\/pages\/1104\/revisions"}],"wp:attachment":[{"href":"https:\/\/demo.uberfacil.com\/epico\/estilo7\/wp-json\/wp\/v2\/media?parent=1104"}],"curies":[{"name":"wp","href":"https:\/\/api.w.org\/{rel}","templated":true}]}}