{"id":150,"date":"2017-06-07T21:37:49","date_gmt":"2017-06-07T21:37:49","guid":{"rendered":"http:\/\/epico.mythemecloud.io\/?page_id=150"},"modified":"2017-06-07T21:37:49","modified_gmt":"2017-06-07T21:37:49","slug":"sobre","status":"publish","type":"page","link":"https:\/\/demo.uberfacil.com\/epico\/estilo7\/sobre\/","title":{"rendered":"Sobre"},"content":{"rendered":"<p class=\"estimated-read-time\">Tempo de leitura:<small> 1 minuto<\/small><\/p> \n\t\t\t\t\n\t\t\t\t\n<p>Pronto! Voc\u00ea acaba de chegar a uma das p\u00e1ginas mais estrat\u00e9gicas para o seu blog. A p\u00e1gina <em>Sobre<\/em> costuma ter uma boa visita\u00e7\u00e3o, principalmente entre aqueles que acabaram de conhecer o seu projeto.<\/p>\n\n\n\n<p>Aqui, voc\u00ea ter\u00e1 a oportunidade de se apresentar, contar sua hist\u00f3ria, e come\u00e7ar a criar um relacionamento com o visitante e, quem sabe, futuro cliente.<\/p>\n\n\n\n<p>Mas \u00e9 preciso tamb\u00e9m deixar claro para o seu leitor qual sua miss\u00e3o, com aquele ingrediente especial que faz o seu projeto ser singular, inovador e interessante de ser seguido.<\/p>\n\n\n\n<p>N\u00e3o esque\u00e7a tamb\u00e9m de inserir suas qualifica\u00e7\u00f5es. Sem ser pedante, mas de forma criativa e atrativa, incluindo tamb\u00e9m as principais palavras-chave que voc\u00ea pretende trabalhar nos mecanismos de busca.<\/p>\n\n\n\n<p>\u00c9 fundamental tamb\u00e9m manter um tom de conversa no texto, pois isso sempre ajuda a aproximar o leitor. Um blog \u00e9 sobre relacionamento, ent\u00e3o nada de conversa rob\u00f3tica e institucional, hein? \ud83d\ude09<\/p>\n\n\n\n<p>Bom, o recado mais importante \u00e9 que uma p\u00e1gina <em>Sobre<\/em>&nbsp;inspirada, informativa e bem redigida vai contribuir demais na miss\u00e3o de estabelecer autoridade no seu nicho.<\/p>\n\n\n\n<p>Depois de criada, acompanhe a evolu\u00e7\u00e3o da visita\u00e7\u00e3o nesta p\u00e1gina na sua ferramenta de <em>Analytics<\/em>, e a mantenha sempre atualizada, buscando um aprimoramento constante e um relacionamento cada vez mais frut\u00edfero com os seus leitores.<\/p>\n\n\n\n<p>Ah, al\u00e9m disso, sempre tenha um item de menu para esta p\u00e1gina no menu principal do blog, que fica l\u00e1 no topo da p\u00e1gina. Assim, voc\u00ea torna f\u00e1cil para o seu leitor localizar este canto super importante do seu projeto.<\/p>\n\n\n\n<p>Mas agora \u00e9 com voc\u00ea. \u00c9 hora de redigir sua p\u00e1gina <em>Sobre<\/em>. M\u00e3os \u00e0 obra! \u270f\ufe0f\ud83d\ude42<\/p>\n\t\t\t\t","protected":false},"excerpt":{"rendered":"<p><small> 1 minuto<\/small> Pronto! Voc\u00ea acaba de chegar a uma das p\u00e1ginas mais estrat\u00e9gicas para o seu blog. A p\u00e1gina Sobre costuma ter uma boa visita\u00e7\u00e3o, principalmente entre aqueles que acabaram de conhecer o seu projeto. Aqui, voc\u00ea ter\u00e1 a oportunidade de se apresentar, contar sua hist\u00f3ria, e come\u00e7ar a criar um relacionamento com o visitante e, quem sabe, futuro cliente. Mas \u00e9 preciso tamb\u00e9m deixar claro para o seu leitor qual sua miss\u00e3o, com aquele ingrediente especial que faz o seu projeto ser singular, <a href=\"https:\/\/demo.uberfacil.com\/epico\/estilo7\/sobre\/\" class=\"more-link\"><span>Continue lendo<\/span>\u2192<\/a><\/p>\n","protected":false},"author":1,"featured_media":0,"parent":0,"menu_order":0,"comment_status":"closed","ping_status":"closed","template":"","meta":{"footnotes":""},"class_list":["entry","author-4tgzf26cvbidud","has-excerpt","post-150","page","type-page","status-publish"],"yoast_head":"<!-- This site is optimized with the Yoast SEO plugin v27.4 - https:\/\/yoast.com\/product\/yoast-seo-wordpress\/ -->\n<title>Sobre - Estilo 7<\/title>\n<meta name=\"robots\" content=\"index, follow, max-snippet:-1, max-image-preview:large, max-video-preview:-1\" \/>\n<link rel=\"canonical\" href=\"https:\/\/demo.uberfacil.com\/epico\/estilo7\/sobre\/\" \/>\n<meta property=\"og:locale\" content=\"pt_BR\" \/>\n<meta property=\"og:type\" content=\"article\" \/>\n<meta property=\"og:title\" content=\"Sobre - Estilo 7\" \/>\n<meta property=\"og:description\" content=\"1 minuto Pronto! Voc\u00ea acaba de chegar a uma das p\u00e1ginas mais estrat\u00e9gicas para o seu blog. A p\u00e1gina Sobre costuma ter uma boa visita\u00e7\u00e3o, principalmente entre aqueles que acabaram de conhecer o seu projeto. Aqui, voc\u00ea ter\u00e1 a oportunidade de se apresentar, contar sua hist\u00f3ria, e come\u00e7ar a criar um relacionamento com o visitante e, quem sabe, futuro cliente. Mas \u00e9 preciso tamb\u00e9m deixar claro para o seu leitor qual sua miss\u00e3o, com aquele ingrediente especial que faz o seu projeto ser singular, Continue lendo\u2192\" \/>\n<meta property=\"og:url\" content=\"https:\/\/demo.uberfacil.com\/epico\/estilo7\/sobre\/\" \/>\n<meta property=\"og:site_name\" content=\"Estilo 7\" \/>\n<meta name=\"twitter:card\" content=\"summary_large_image\" \/>\n<meta name=\"twitter:label1\" content=\"Est. tempo de leitura\" \/>\n\t<meta name=\"twitter:data1\" content=\"1 minuto\" \/>\n<script type=\"application\/ld+json\" class=\"yoast-schema-graph\">{\"@context\":\"https:\\\/\\\/schema.org\",\"@graph\":[{\"@type\":\"WebPage\",\"@id\":\"https:\\\/\\\/demo.uberfacil.com\\\/epico\\\/estilo7\\\/sobre\\\/\",\"url\":\"https:\\\/\\\/demo.uberfacil.com\\\/epico\\\/estilo7\\\/sobre\\\/\",\"name\":\"Sobre - Estilo 7\",\"isPartOf\":{\"@id\":\"https:\\\/\\\/demo.uberfacil.com\\\/epico\\\/estilo7\\\/#website\"},\"datePublished\":\"2017-06-07T21:37:49+00:00\",\"breadcrumb\":{\"@id\":\"https:\\\/\\\/demo.uberfacil.com\\\/epico\\\/estilo7\\\/sobre\\\/#breadcrumb\"},\"inLanguage\":\"pt-BR\",\"potentialAction\":[{\"@type\":\"ReadAction\",\"target\":[\"https:\\\/\\\/demo.uberfacil.com\\\/epico\\\/estilo7\\\/sobre\\\/\"]}]},{\"@type\":\"BreadcrumbList\",\"@id\":\"https:\\\/\\\/demo.uberfacil.com\\\/epico\\\/estilo7\\\/sobre\\\/#breadcrumb\",\"itemListElement\":[{\"@type\":\"ListItem\",\"position\":1,\"name\":\"In\u00edcio\",\"item\":\"https:\\\/\\\/demo.uberfacil.com\\\/epico\\\/estilo7\\\/\"},{\"@type\":\"ListItem\",\"position\":2,\"name\":\"Sobre\"}]},{\"@type\":\"WebSite\",\"@id\":\"https:\\\/\\\/demo.uberfacil.com\\\/epico\\\/estilo7\\\/#website\",\"url\":\"https:\\\/\\\/demo.uberfacil.com\\\/epico\\\/estilo7\\\/\",\"name\":\"Estilo 7\",\"description\":\"S\u00f3 mais um site \u00c9pico - Demonstra\u00e7\u00e3o\",\"potentialAction\":[{\"@type\":\"SearchAction\",\"target\":{\"@type\":\"EntryPoint\",\"urlTemplate\":\"https:\\\/\\\/demo.uberfacil.com\\\/epico\\\/estilo7\\\/?s={search_term_string}\"},\"query-input\":{\"@type\":\"PropertyValueSpecification\",\"valueRequired\":true,\"valueName\":\"search_term_string\"}}],\"inLanguage\":\"pt-BR\"}]}<\/script>\n<!-- \/ Yoast SEO plugin. -->","yoast_head_json":{"title":"Sobre - Estilo 7","robots":{"index":"index","follow":"follow","max-snippet":"max-snippet:-1","max-image-preview":"max-image-preview:large","max-video-preview":"max-video-preview:-1"},"canonical":"https:\/\/demo.uberfacil.com\/epico\/estilo7\/sobre\/","og_locale":"pt_BR","og_type":"article","og_title":"Sobre - Estilo 7","og_description":"1 minuto Pronto! Voc\u00ea acaba de chegar a uma das p\u00e1ginas mais estrat\u00e9gicas para o seu blog. A p\u00e1gina Sobre costuma ter uma boa visita\u00e7\u00e3o, principalmente entre aqueles que acabaram de conhecer o seu projeto. Aqui, voc\u00ea ter\u00e1 a oportunidade de se apresentar, contar sua hist\u00f3ria, e come\u00e7ar a criar um relacionamento com o visitante e, quem sabe, futuro cliente. Mas \u00e9 preciso tamb\u00e9m deixar claro para o seu leitor qual sua miss\u00e3o, com aquele ingrediente especial que faz o seu projeto ser singular, Continue lendo\u2192","og_url":"https:\/\/demo.uberfacil.com\/epico\/estilo7\/sobre\/","og_site_name":"Estilo 7","twitter_card":"summary_large_image","twitter_misc":{"Est. tempo de leitura":"1 minuto"},"schema":{"@context":"https:\/\/schema.org","@graph":[{"@type":"WebPage","@id":"https:\/\/demo.uberfacil.com\/epico\/estilo7\/sobre\/","url":"https:\/\/demo.uberfacil.com\/epico\/estilo7\/sobre\/","name":"Sobre - Estilo 7","isPartOf":{"@id":"https:\/\/demo.uberfacil.com\/epico\/estilo7\/#website"},"datePublished":"2017-06-07T21:37:49+00:00","breadcrumb":{"@id":"https:\/\/demo.uberfacil.com\/epico\/estilo7\/sobre\/#breadcrumb"},"inLanguage":"pt-BR","potentialAction":[{"@type":"ReadAction","target":["https:\/\/demo.uberfacil.com\/epico\/estilo7\/sobre\/"]}]},{"@type":"BreadcrumbList","@id":"https:\/\/demo.uberfacil.com\/epico\/estilo7\/sobre\/#breadcrumb","itemListElement":[{"@type":"ListItem","position":1,"name":"In\u00edcio","item":"https:\/\/demo.uberfacil.com\/epico\/estilo7\/"},{"@type":"ListItem","position":2,"name":"Sobre"}]},{"@type":"WebSite","@id":"https:\/\/demo.uberfacil.com\/epico\/estilo7\/#website","url":"https:\/\/demo.uberfacil.com\/epico\/estilo7\/","name":"Estilo 7","description":"S\u00f3 mais um site \u00c9pico - Demonstra\u00e7\u00e3o","potentialAction":[{"@type":"SearchAction","target":{"@type":"EntryPoint","urlTemplate":"https:\/\/demo.uberfacil.com\/epico\/estilo7\/?s={search_term_string}"},"query-input":{"@type":"PropertyValueSpecification","valueRequired":true,"valueName":"search_term_string"}}],"inLanguage":"pt-BR"}]}},"_links":{"self":[{"href":"https:\/\/demo.uberfacil.com\/epico\/estilo7\/wp-json\/wp\/v2\/pages\/150","targetHints":{"allow":["GET"]}}],"collection":[{"href":"https:\/\/demo.uberfacil.com\/epico\/estilo7\/wp-json\/wp\/v2\/pages"}],"about":[{"href":"https:\/\/demo.uberfacil.com\/epico\/estilo7\/wp-json\/wp\/v2\/types\/page"}],"author":[{"embeddable":true,"href":"https:\/\/demo.uberfacil.com\/epico\/estilo7\/wp-json\/wp\/v2\/users\/1"}],"replies":[{"embeddable":true,"href":"https:\/\/demo.uberfacil.com\/epico\/estilo7\/wp-json\/wp\/v2\/comments?post=150"}],"version-history":[{"count":0,"href":"https:\/\/demo.uberfacil.com\/epico\/estilo7\/wp-json\/wp\/v2\/pages\/150\/revisions"}],"wp:attachment":[{"href":"https:\/\/demo.uberfacil.com\/epico\/estilo7\/wp-json\/wp\/v2\/media?parent=150"}],"curies":[{"name":"wp","href":"https:\/\/api.w.org\/{rel}","templated":true}]}}